{"id":181,"date":"2019-11-22T11:46:19","date_gmt":"2019-11-22T11:46:19","guid":{"rendered":"http:\/\/www.buchhalter-tumovec.de\/?page_id=181"},"modified":"2020-05-13T09:02:12","modified_gmt":"2020-05-13T09:02:12","slug":"finanzbuchhaltung","status":"publish","type":"page","link":"https:\/\/www.buchhalter-tumovec.de\/?page_id=181","title":{"rendered":"Finanzbuchhaltung"},"content":{"rendered":"\n<ul class=\"wp-block-list\"><li>Durchf\u00fchrung laufender Buchf\u00fchrungsarbeiten<\/li><li>Erstellung der Buchf\u00fchrung mit Kontierung, Eingabe,  Auswertung und Kontrolle<\/li><li>Anlagenbuchf\u00fchrung<\/li><li>Spezielle Branchenl\u00f6sungen<\/li><li>Einrichtung, Umstellung, Verbesserung des Rechnungswesens<\/li><li>Onlinebelegeinreichung <\/li><\/ul>\n\n\n\n<p>Gern passen wir unser Angebot auf  Ihre individuellen W\u00fcnsche und Anspr\u00fcche an.<\/p>\n\n\n\n<p>Senden Sie uns dazu gern eine Anfrage.<\/p>\n\n\n\n<div class=\"wp-block-image\"><figure class=\"aligncenter size-large\"><img loading=\"lazy\" decoding=\"async\" width=\"200\" height=\"200\" src=\"https:\/\/www.buchhalter-tumovec.de\/wp-content\/uploads\/2017\/05\/0342.jpg\" alt=\"\" class=\"wp-image-56\" srcset=\"https:\/\/www.buchhalter-tumovec.de\/wp-content\/uploads\/2017\/05\/0342.jpg 200w, https:\/\/www.buchhalter-tumovec.de\/wp-content\/uploads\/2017\/05\/0342-150x150.jpg 150w, https:\/\/www.buchhalter-tumovec.de\/wp-content\/uploads\/2017\/05\/0342-73x73.jpg 73w, https:\/\/www.buchhalter-tumovec.de\/wp-content\/uploads\/2017\/05\/0342-174x174.jpg 174w\" sizes=\"auto, (max-width: 200px) 100vw, 200px\" \/><\/figure><\/div>\n\n\n\n<p><strong>Ihr Kontakt zu uns<\/strong><\/p>\n\n\n\n<form enctype=\"multipart\/form-data\" method=\"post\" id=\"psfb183\" action=\"https:\/\/www.buchhalter-tumovec.de\/?page_id=181\" class=\"planso-form-builder\" data-id=\"183\" data-cnt=\"1\" id=\"planso_forms_183_1\" data-locale=\"de\" data-locale_long=\"de_DE\" data-datepicker=\"bootstrap-datetimepicker\" data-date_format=\"F j, Y\" data-moment_date_format=\"MMMM D, YYYY\" data-jqueryui_date_format=\"MM d, yy\" data-eternicode_date_format=\"MM d, yyyy\"><div class=\"container-fluid\"><input type=\"hidden\" name=\"psfb_pageurl\" value=\"https:\/\/www.buchhalter-tumovec.de\/?page_id=181\"\/><input type=\"hidden\" name=\"psfb_userip\" value=\"216.73.216.118\"\/><input type=\"hidden\" name=\"psfb_useragent\" value=\"Mozilla\/5.0 AppleWebKit\/537.36 (KHTML, like Gecko; compatible; ClaudeBot\/1.0; +claudebot@anthropic.com)\"\/><input type=\"hidden\" name=\"psfb_landingpage\" value=\"http:\/\/www.buchhalter-tumovec.de\/index.php?rest_route=%2Fwp%2Fv2%2Fpages%2F181\"\/><input type=\"hidden\" name=\"psfb_referer\" value=\"Direct\"\/><input type=\"hidden\" name=\"psfb_page_id\" value=\"181\"\/><input type=\"hidden\" name=\"psfb_form_submit\" value=\"1\"\/><input type=\"hidden\" name=\"psfb_form_id\" value=\"183\"\/><input type=\"hidden\" name=\"psfb_form_cnt\" value=\"1\"\/><div style=\"display:none\"><input type=\"text\" name=\"psfb_hon_as\"\/><\/div><div style=\"display:none\"><input type=\"text\" name=\"psfb_hon_as2\" id=\"psfb_hon_as2_183_1\" value=\"90f2fe25b0b9dbec544e0bed4f84190d\"\/><\/div><div style=\"display:none\"><input type=\"text\" name=\"psfb_cnt_check\" value=\"1\"\/><\/div><div class=\"row\"><div class=\"col-md-12\"><div class=\"form-group psfb-single-container\"><label class=\"control-label\" for=\"psfield_183_1\">Name<span class=\"psfb_required_mark\">*<\/span><\/label><input type=\"text\" required=\"required\" data-required=\"required\" name=\"Name\" value=\"\" class=\"form-control  \" id=\"psfield_183_1\" style=\"\"\/><\/div><\/div><\/div><div class=\"row\"><div class=\"col-md-12\"><div class=\"form-group psfb-single-container\"><label class=\"control-label\" for=\"psfield_183_2\">E-Mail<span class=\"psfb_required_mark\">*<\/span><\/label><input type=\"email\" required=\"required\" data-required=\"required\" name=\"E_Mail\" value=\"\" class=\"form-control  \" id=\"psfield_183_2\" style=\"\"\/><\/div><\/div><\/div><div class=\"row\"><div class=\"col-md-12\"><div class=\"form-group psfb-single-container\"><label class=\"control-label\" for=\"psfield_183_3\">Telefon<span class=\"psfb_required_mark\">*<\/span><\/label><input type=\"tel\" required=\"required\" data-required=\"required\" name=\"Telefon\" value=\"\" class=\"form-control  \" id=\"psfield_183_3\" style=\"\"\/><\/div><\/div><\/div><div class=\"row\"><div class=\"col-md-12\"><div class=\"form-group psfb-single-container\"><label class=\"control-label\" for=\"psfield_183_4\">Betreff<span class=\"psfb_required_mark\">*<\/span><\/label><input type=\"text\" required=\"required\" data-required=\"required\" name=\"Betreff\" value=\"\" class=\"form-control  \" id=\"psfield_183_4\" style=\"\"\/><\/div><\/div><\/div><div class=\"row\"><div class=\"col-md-12\"><div class=\"form-group psfb-single-container\"><label class=\"control-label\" for=\"psfield_183_5\">Ihr Anliegen<\/label><textarea name=\"Ihr_Anliegen\" class=\"form-control  \" id=\"psfield_183_5\" style=\"\"><\/textarea><\/div><\/div><\/div><div class=\"row\"><div class=\"col-md-12\"><div class=\"form-group psfb-single-container\"><label class=\"control-label\" for=\"psfield_183_6\">Zustimmung Datenschutz<span class=\"psfb_required_mark\">*<\/span><\/label><div class=\"checkbox_wrapper\"><label class=\"checkbox-inline checkbox_wrapper\" style=\"\"><input data-required=\"required\" type=\"checkbox\" value=\"Ich stimme zu\" name=\"Zustimmung_Datenschutz[]\" id=\"psfield_183_6_1\">Ich stimme zu<\/label><\/div><p class=\"help-block\">Ich habe die Datenschutzerkl\u00e4rung zur Kenntnis genommen. Ich stimme zu, dass meine Angaben und Daten zur Beantwortung meiner Anfrage elektronisch erhoben und gespeichert werden. Hinweis: Sie k\u00f6nnen Ihre Einwilligung jederzeit f\u00fcr die Zukunft per E-Mail an info@buchhalter-tumovec.de widerrufen.\n<\/p><\/div><\/div><\/div><div class=\"row\"><div class=\"col-md-12\"><div class=\"form-group psfb-single-container\"><div style=\"position:relative;z-index:1;\"><button type=\"submit\" class=\"btn btn-primary        \" id=\"psfield_183_7\" style=\"\">Senden<\/button><\/div><\/div><\/div><\/div><\/div><\/form>\n","protected":false},"excerpt":{"rendered":"<p>Durchf\u00fchrung laufender Buchf\u00fchrungsarbeiten Erstellung der Buchf\u00fchrung mit Kontierung, Eingabe, Auswertung und Kontrolle Anlagenbuchf\u00fchrung Spezielle Branchenl\u00f6sungen Einrichtung, Umstellung, Verbesserung des Rechnungswesens Onlinebelegeinreichung Gern passen wir unser Angebot auf Ihre individuellen W\u00fcnsche und Anspr\u00fcche an. Senden Sie uns dazu gern eine Anfrage. Ihr Kontakt zu uns<\/p>\n","protected":false},"author":2,"featured_media":0,"parent":0,"menu_order":2,"comment_status":"closed","ping_status":"closed","template":"","meta":{"footnotes":""},"class_list":["post-181","page","type-page","status-publish","hentry"],"_links":{"self":[{"href":"https:\/\/www.buchhalter-tumovec.de\/index.php?rest_route=\/wp\/v2\/pages\/181","targetHints":{"allow":["GET"]}}],"collection":[{"href":"https:\/\/www.buchhalter-tumovec.de\/index.php?rest_route=\/wp\/v2\/pages"}],"about":[{"href":"https:\/\/www.buchhalter-tumovec.de\/index.php?rest_route=\/wp\/v2\/types\/page"}],"author":[{"embeddable":true,"href":"https:\/\/www.buchhalter-tumovec.de\/index.php?rest_route=\/wp\/v2\/users\/2"}],"replies":[{"embeddable":true,"href":"https:\/\/www.buchhalter-tumovec.de\/index.php?rest_route=%2Fwp%2Fv2%2Fcomments&post=181"}],"version-history":[{"count":3,"href":"https:\/\/www.buchhalter-tumovec.de\/index.php?rest_route=\/wp\/v2\/pages\/181\/revisions"}],"predecessor-version":[{"id":254,"href":"https:\/\/www.buchhalter-tumovec.de\/index.php?rest_route=\/wp\/v2\/pages\/181\/revisions\/254"}],"wp:attachment":[{"href":"https:\/\/www.buchhalter-tumovec.de\/index.php?rest_route=%2Fwp%2Fv2%2Fmedia&parent=181"}],"curies":[{"name":"wp","href":"https:\/\/api.w.org\/{rel}","templated":true}]}}