{"id":13,"date":"2017-04-11T07:02:28","date_gmt":"2017-04-11T07:02:28","guid":{"rendered":"http:\/\/cms.buchhalter-tumovec.de\/?page_id=13"},"modified":"2019-11-25T09:53:04","modified_gmt":"2019-11-25T09:53:04","slug":"portfolio","status":"publish","type":"page","link":"https:\/\/www.buchhalter-tumovec.de\/?page_id=13","title":{"rendered":"Portfolio"},"content":{"rendered":"\n<p class=\"has-text-color has-background has-very-light-gray-color has-cyan-bluish-gray-background-color\"> <em>\u201eWer nicht kann, was er will, muss das wollen, was er kann. Denn das zu  wollen, was er nicht kann, w\u00e4re t\u00f6richt.\u201c Leonardo da Vinci <\/em><\/p>\n\n\n\n<p>Gegr\u00fcndet 1998 von Frau Ines Tumovec, blickt die Firma auf eine erfolgreiche langj\u00e4hrige T\u00e4tigkeit am Markt zur\u00fcck.<\/p>\n\n\n\n<p><strong>Qualifikation:<\/strong><br>\nDiplom- Betriebswirt FH \/ kaufm\u00e4nnische Ausbildung<\/p>\n\n\n\n<p><strong>spezielle Erfahrungen:<\/strong><\/p>\n\n\n\n<ul class=\"wp-block-list\"><li>Lexware, Datev<\/li><li>Kaufm\u00e4nnische Software<\/li><\/ul>\n\n\n\n<p>Zur Firma geh\u00f6ren&nbsp;drei qualifizierte Mitarbeiterinnen, die Ihnen mit Rat und Tat zur Seite stehen.<\/p>\n\n\n<p><strong>Wir betreuen zur Zeit Mandanten aus folgene Branchen:<\/strong><strong> &nbsp;<\/strong><\/p>\n<ul>\n<li>Baubetriebe und Baunebengewerke<\/li>\n<li>Garten- und Landschaftsbau<\/li>\n<li>Baumschulen<\/li>\n<li>KFZ-Werkst\u00e4tten<\/li>\n<li>Bewachungsgewerbe<\/li>\n<li>Gastst\u00e4tten<\/li>\n<li>Einzelhandel \/ Gro\u00dfhandel \/ Onlinehandel<\/li>\n<li>Friseur \/ Kosmetikstudios \/ Nagelstudios<\/li>\n<li>Ingenieurb\u00fcros<\/li>\n<li>Transportunternehmen<\/li>\n<li>Versicherungsmakler \/ Finanzdienstleister<\/li>\n<li>Handelsvertreter<\/li>\n<li>sonst. Dienstleister<\/li>\n<\/ul>","protected":false},"excerpt":{"rendered":"<p>\u201eWer nicht kann, was er will, muss das wollen, was er kann. Denn das zu wollen, was er nicht kann, w\u00e4re t\u00f6richt.\u201c Leonardo da Vinci Gegr\u00fcndet 1998 von Frau Ines Tumovec, blickt die Firma auf eine erfolgreiche langj\u00e4hrige T\u00e4tigkeit am Markt zur\u00fcck. Qualifikation: Diplom- Betriebswirt FH \/ kaufm\u00e4nnische Ausbildung spezielle Erfahrungen: Lexware, Datev Kaufm\u00e4nnische Software<a href=\"https:\/\/www.buchhalter-tumovec.de\/?page_id=13\">[&#8230;]<\/a><\/p>\n","protected":false},"author":1,"featured_media":0,"parent":0,"menu_order":9,"comment_status":"closed","ping_status":"closed","template":"","meta":{"footnotes":""},"class_list":["post-13","page","type-page","status-publish","hentry"],"_links":{"self":[{"href":"https:\/\/www.buchhalter-tumovec.de\/index.php?rest_route=\/wp\/v2\/pages\/13","targetHints":{"allow":["GET"]}}],"collection":[{"href":"https:\/\/www.buchhalter-tumovec.de\/index.php?rest_route=\/wp\/v2\/pages"}],"about":[{"href":"https:\/\/www.buchhalter-tumovec.de\/index.php?rest_route=\/wp\/v2\/types\/page"}],"author":[{"embeddable":true,"href":"https:\/\/www.buchhalter-tumovec.de\/index.php?rest_route=\/wp\/v2\/users\/1"}],"replies":[{"embeddable":true,"href":"https:\/\/www.buchhalter-tumovec.de\/index.php?rest_route=%2Fwp%2Fv2%2Fcomments&post=13"}],"version-history":[{"count":6,"href":"https:\/\/www.buchhalter-tumovec.de\/index.php?rest_route=\/wp\/v2\/pages\/13\/revisions"}],"predecessor-version":[{"id":202,"href":"https:\/\/www.buchhalter-tumovec.de\/index.php?rest_route=\/wp\/v2\/pages\/13\/revisions\/202"}],"wp:attachment":[{"href":"https:\/\/www.buchhalter-tumovec.de\/index.php?rest_route=%2Fwp%2Fv2%2Fmedia&parent=13"}],"curies":[{"name":"wp","href":"https:\/\/api.w.org\/{rel}","templated":true}]}}