{"id":122,"date":"2019-11-21T10:10:09","date_gmt":"2019-11-21T10:10:09","guid":{"rendered":"http:\/\/www.buchhalter-tumovec.de\/?page_id=122"},"modified":"2019-11-25T10:03:14","modified_gmt":"2019-11-25T10:03:14","slug":"coaching","status":"publish","type":"page","link":"https:\/\/www.buchhalter-tumovec.de\/?page_id=122","title":{"rendered":"Coaching"},"content":{"rendered":"\n<p><strong>Inhouse Coaching <\/strong><\/p>\n\n\n\n<p>Wir bieten f\u00fcr Sie und Ihre Firma auch individuelle Coachings an, die direkt auf Ihre Bed\u00fcrfnisse und Aufgabenbereiche angepasst sind.<\/p>\n\n\n\n<ul class=\"wp-block-list\"><li>Spezielle Themengebiete im Bereich Lohn und Gehalt<\/li><li> Spezielle Themengebiete im Bereich Finanzbuchhaltung<\/li><\/ul>\n\n\n\n<p>Sie k\u00f6nnen uns gern eine Anfrage mit Ihren W\u00fcnschen zukommen lassen und wir senden Ihnen ein individuelles Angebot zu.<\/p>\n\n\n\n<hr class=\"wp-block-separator\"\/>\n\n\n\n<div class=\"wp-block-image\"><figure class=\"alignleft size-large is-resized\"><img loading=\"lazy\" decoding=\"async\" src=\"https:\/\/www.buchhalter-tumovec.de\/wp-content\/uploads\/2017\/04\/daspferdmeincoach_logo.png\" alt=\"\" class=\"wp-image-94\" width=\"332\" height=\"207\"\/><\/figure><\/div>\n\n\n\n<p style=\"color:#bd16a7;font-size:21px\" class=\"has-text-color has-text-align-left\"><strong><em>Unsere Seminare:<\/em><\/strong><\/p>\n\n\n\n<ul class=\"wp-block-list\"><li><a href=\"http:\/\/das-pferd-mein-coach.de\/spiegel-der-persoenlichkeit\/\">Spiegel der Pers\u00f6nlichkeit<\/a><\/li><li><a href=\"http:\/\/das-pferd-mein-coach.de\/fuer-fuehrungskraefte\/\">F\u00fcr F\u00fchrungskr\u00e4fte<\/a><\/li><li><a href=\"http:\/\/das-pferd-mein-coach.de\/teambildung\/\">Teambildung<\/a><\/li><\/ul>\n\n\n\n<p>Wer bin ich? Wo stehe ich im Leben\/Beruf? Wie kann ich mein Team f\u00fchren? Sind wir ein Team? Vieleicht haben Sie sich eine dieser Fragen auch schon einmal gestellt. Mit der Unterst\u00fctzung der Pferde bekommen wir einen Spiegel vorgehalten und lernen uns so selbst noch besser kennen. <\/p>\n\n\n\n<p><strong>Ihr Kontakt zu uns<\/strong><\/p>\n\n\n\n<form enctype=\"multipart\/form-data\" method=\"post\" id=\"psfb137\" action=\"https:\/\/www.buchhalter-tumovec.de\/?page_id=122\" class=\"planso-form-builder\" data-id=\"137\" data-cnt=\"1\" id=\"planso_forms_137_1\" data-locale=\"de\" data-locale_long=\"de_DE\" data-datepicker=\"bootstrap-datetimepicker\" data-date_format=\"F j, Y\" data-moment_date_format=\"MMMM D, YYYY\" data-jqueryui_date_format=\"MM d, yy\" data-eternicode_date_format=\"MM d, yyyy\"><div class=\"container-fluid\"><input type=\"hidden\" name=\"psfb_pageurl\" value=\"https:\/\/www.buchhalter-tumovec.de\/?page_id=122\"\/><input type=\"hidden\" name=\"psfb_userip\" value=\"216.73.216.118\"\/><input type=\"hidden\" name=\"psfb_useragent\" value=\"Mozilla\/5.0 AppleWebKit\/537.36 (KHTML, like Gecko; compatible; ClaudeBot\/1.0; +claudebot@anthropic.com)\"\/><input type=\"hidden\" name=\"psfb_landingpage\" value=\"http:\/\/www.buchhalter-tumovec.de\/index.php?rest_route=%2Fwp%2Fv2%2Fpages%2F122\"\/><input type=\"hidden\" name=\"psfb_referer\" value=\"Direct\"\/><input type=\"hidden\" name=\"psfb_page_id\" value=\"122\"\/><input type=\"hidden\" name=\"psfb_form_submit\" value=\"1\"\/><input type=\"hidden\" name=\"psfb_form_id\" value=\"137\"\/><input type=\"hidden\" name=\"psfb_form_cnt\" value=\"1\"\/><div style=\"display:none\"><input type=\"text\" name=\"psfb_hon_as\"\/><\/div><div style=\"display:none\"><input type=\"text\" name=\"psfb_hon_as2\" id=\"psfb_hon_as2_137_1\" value=\"6554ccf5705fb59010e5e688b12588e5\"\/><\/div><div style=\"display:none\"><input type=\"text\" name=\"psfb_cnt_check\" value=\"1\"\/><\/div><div class=\"row\"><div class=\"col-md-12\"><div class=\"form-group psfb-single-container\"><label class=\"control-label\" for=\"psfield_137_1\">Name<span class=\"psfb_required_mark\">*<\/span><\/label><input type=\"text\" required=\"required\" data-required=\"required\" name=\"Name\" value=\"\" class=\"form-control  \" id=\"psfield_137_1\" style=\"\"\/><\/div><\/div><\/div><div class=\"row\"><div class=\"col-md-12\"><div class=\"form-group psfb-single-container\"><label class=\"control-label\" for=\"psfield_137_2\">E-Mail<span class=\"psfb_required_mark\">*<\/span><\/label><input type=\"email\" required=\"required\" data-required=\"required\" name=\"E_Mail\" value=\"\" class=\"form-control  \" id=\"psfield_137_2\" style=\"\"\/><\/div><\/div><\/div><div class=\"row\"><div class=\"col-md-12\"><div class=\"form-group psfb-single-container\"><label class=\"control-label\" for=\"psfield_137_3\">Telefon<span class=\"psfb_required_mark\">*<\/span><\/label><input type=\"tel\" required=\"required\" data-required=\"required\" name=\"Telefon\" value=\"\" class=\"form-control  \" id=\"psfield_137_3\" style=\"\"\/><\/div><\/div><\/div><div class=\"row\"><div class=\"col-md-12\"><div class=\"form-group psfb-single-container\"><label class=\"control-label\" for=\"psfield_137_4\">Betreff<\/label><input type=\"text\" name=\"Betreff\" value=\"\" class=\"form-control  \" id=\"psfield_137_4\" style=\"\"\/><\/div><\/div><\/div><div class=\"row\"><div class=\"col-md-6\"><div class=\"form-group psfb-single-container\"><label class=\"control-label\" for=\"psfield_137_5\">Choachingauswahl<\/label><div class=\"checkbox_wrapper\"><div class=\"checkbox\"><label class=\"checkbox_wrapper\" style=\"\"><input type=\"checkbox\" value=\"Coaching - UB Ines Tumovec\" name=\"Choachingauswahl[]\" id=\"psfield_137_5_1\">Coaching - UB Ines Tumovec<\/label><\/div><div class=\"checkbox\"><label class=\"checkbox_wrapper\" style=\"\"><input type=\"checkbox\" value=\"Coaching - das Pferd mein Coach\" name=\"Choachingauswahl[]\" id=\"psfield_137_5_2\">Coaching - das Pferd mein Coach<\/label><\/div><\/div><\/div><\/div><div class=\"col-md-6\"><div class=\"form-group psfb-single-container\"><label class=\"control-label\" for=\"psfield_137_6\">Ihr Anliegen<\/label><textarea name=\"Ihr_Anliegen\" class=\"form-control  \" id=\"psfield_137_6\" style=\"\"><\/textarea><\/div><\/div><\/div><div class=\"row\"><div class=\"col-md-12\"><div class=\"form-group psfb-single-container\"><label class=\"control-label\" for=\"psfield_137_7\">Zustimmung Datenschutz<span class=\"psfb_required_mark\">*<\/span><\/label><div class=\"checkbox_wrapper\"><label class=\"checkbox-inline checkbox_wrapper\" style=\"\"><input data-required=\"required\" type=\"checkbox\" value=\"Ich stimme zu\" name=\"Zustimmung_Datenschutz[]\" id=\"psfield_137_7_1\">Ich stimme zu<\/label><\/div><p class=\"help-block\">Ich habe die Datenschutzerkl\u00e4rung zur Kenntnis genommen. Ich stimme zu, dass meine Angaben und Daten zur Beantwortung meiner Anfrage elektronisch erhoben und gespeichert werden. Hinweis: Sie k\u00f6nnen Ihre Einwilligung jederzeit f\u00fcr die Zukunft per E-Mail an info@buchhalter-tumovec.de widerrufen.\n<\/p><\/div><\/div><\/div><div class=\"row\"><div class=\"col-md-12\"><div class=\"form-group psfb-single-container\"><div style=\"position:relative;z-index:1;\"><button type=\"submit\" class=\"btn btn-primary           \" id=\"psfield_137_8\" style=\"\">Senden<\/button><\/div><\/div><\/div><\/div><\/div><\/form>\n","protected":false},"excerpt":{"rendered":"<p>Inhouse Coaching Wir bieten f\u00fcr Sie und Ihre Firma auch individuelle Coachings an, die direkt auf Ihre Bed\u00fcrfnisse und Aufgabenbereiche angepasst sind. Spezielle Themengebiete im Bereich Lohn und Gehalt Spezielle Themengebiete im Bereich Finanzbuchhaltung Sie k\u00f6nnen uns gern eine Anfrage mit Ihren W\u00fcnschen zukommen lassen und wir senden Ihnen ein individuelles Angebot zu. Unsere Seminare:<a href=\"https:\/\/www.buchhalter-tumovec.de\/?page_id=122\">[&#8230;]<\/a><\/p>\n","protected":false},"author":2,"featured_media":94,"parent":0,"menu_order":6,"comment_status":"closed","ping_status":"closed","template":"","meta":{"footnotes":""},"class_list":["post-122","page","type-page","status-publish","has-post-thumbnail","hentry"],"_links":{"self":[{"href":"https:\/\/www.buchhalter-tumovec.de\/index.php?rest_route=\/wp\/v2\/pages\/122","targetHints":{"allow":["GET"]}}],"collection":[{"href":"https:\/\/www.buchhalter-tumovec.de\/index.php?rest_route=\/wp\/v2\/pages"}],"about":[{"href":"https:\/\/www.buchhalter-tumovec.de\/index.php?rest_route=\/wp\/v2\/types\/page"}],"author":[{"embeddable":true,"href":"https:\/\/www.buchhalter-tumovec.de\/index.php?rest_route=\/wp\/v2\/users\/2"}],"replies":[{"embeddable":true,"href":"https:\/\/www.buchhalter-tumovec.de\/index.php?rest_route=%2Fwp%2Fv2%2Fcomments&post=122"}],"version-history":[{"count":11,"href":"https:\/\/www.buchhalter-tumovec.de\/index.php?rest_route=\/wp\/v2\/pages\/122\/revisions"}],"predecessor-version":[{"id":238,"href":"https:\/\/www.buchhalter-tumovec.de\/index.php?rest_route=\/wp\/v2\/pages\/122\/revisions\/238"}],"wp:featuredmedia":[{"embeddable":true,"href":"https:\/\/www.buchhalter-tumovec.de\/index.php?rest_route=\/wp\/v2\/media\/94"}],"wp:attachment":[{"href":"https:\/\/www.buchhalter-tumovec.de\/index.php?rest_route=%2Fwp%2Fv2%2Fmedia&parent=122"}],"curies":[{"name":"wp","href":"https:\/\/api.w.org\/{rel}","templated":true}]}}