{"id":106,"date":"2019-11-21T09:53:45","date_gmt":"2019-11-21T09:53:45","guid":{"rendered":"http:\/\/www.buchhalter-tumovec.de\/?page_id=106"},"modified":"2019-11-25T09:52:57","modified_gmt":"2019-11-25T09:52:57","slug":"hausverwaltung","status":"publish","type":"page","link":"https:\/\/www.buchhalter-tumovec.de\/?page_id=106","title":{"rendered":"Hausverwaltung"},"content":{"rendered":"\n<p class=\"has-normal-font-size\">Wir \u00fcbernehmen f\u00fcr Sie:<\/p>\n\n\n\n<p class=\"has-text-color has-background has-normal-font-size has-very-light-gray-color has-vivid-cyan-blue-background-color\">-Kaufm\u00e4nnische Verwaltung<\/p>\n\n\n\n<p class=\"has-text-color has-background has-normal-font-size has-very-light-gray-color has-vivid-cyan-blue-background-color\">-Technische Verwaltung<\/p>\n\n\n\n<p class=\"has-text-color has-background has-normal-font-size has-very-light-gray-color has-vivid-cyan-blue-background-color\">-Allgemeine Verwaltung<\/p>\n\n\n\n<p class=\"has-normal-font-size\">Unter anderem (Mietzahlungsabwicklung, Vermietung der Wohnungen,  erstellen der Mietvertr\u00e4ge, erstellen der Betriebskostenabrechnung,  durchf\u00fchren des Zahlungsverkehrs, anfallender Schriftverkehr mit Mietern  und Dienstleistern) <\/p>\n\n\n\n<p class=\"has-text-align-left has-medium-font-size\"><\/p>\n\n\n\n<p class=\"has-text-color has-background has-text-align-left has-normal-font-size has-very-dark-gray-color has-very-light-gray-background-color\">Gern passen wir unser Angebot auf  Ihre individuellen W\u00fcnsche und Anspr\u00fcche an.<\/p>\n\n\n\n<p class=\"has-normal-font-size\">Senden Sie uns dazu gern eine Anfrage.<\/p>\n\n\n\n<hr class=\"wp-block-separator\"\/>\n\n\n\n<div class=\"wp-block-image\"><figure class=\"aligncenter size-large is-resized\"><img loading=\"lazy\" decoding=\"async\" src=\"https:\/\/www.buchhalter-tumovec.de\/wp-content\/uploads\/2019\/11\/20191122_105728.jpg\" alt=\"\" class=\"wp-image-170\" width=\"310\" height=\"206\" srcset=\"https:\/\/www.buchhalter-tumovec.de\/wp-content\/uploads\/2019\/11\/20191122_105728.jpg 586w, https:\/\/www.buchhalter-tumovec.de\/wp-content\/uploads\/2019\/11\/20191122_105728-300x200.jpg 300w\" sizes=\"auto, (max-width: 310px) 100vw, 310px\" \/><\/figure><\/div>\n\n\n\n<p><strong>Ihr Kontakt zu uns<\/strong><\/p>\n\n\n\n<form enctype=\"multipart\/form-data\" method=\"post\" id=\"psfb128\" action=\"https:\/\/www.buchhalter-tumovec.de\/?page_id=106\" class=\"planso-form-builder\" data-id=\"128\" data-cnt=\"1\" id=\"planso_forms_128_1\" data-locale=\"de\" data-locale_long=\"de_DE\" data-datepicker=\"bootstrap-datetimepicker\" data-date_format=\"F j, Y\" data-moment_date_format=\"MMMM D, YYYY\" data-jqueryui_date_format=\"MM d, yy\" data-eternicode_date_format=\"MM d, yyyy\"><div class=\"container-fluid\"><input type=\"hidden\" name=\"psfb_pageurl\" value=\"https:\/\/www.buchhalter-tumovec.de\/?page_id=106\"\/><input type=\"hidden\" name=\"psfb_userip\" value=\"216.73.217.18\"\/><input type=\"hidden\" name=\"psfb_useragent\" value=\"Mozilla\/5.0 AppleWebKit\/537.36 (KHTML, like Gecko; compatible; ClaudeBot\/1.0; +claudebot@anthropic.com)\"\/><input type=\"hidden\" name=\"psfb_landingpage\" value=\"http:\/\/www.buchhalter-tumovec.de\/index.php?rest_route=%2Fwp%2Fv2%2Fpages%2F106\"\/><input type=\"hidden\" name=\"psfb_referer\" value=\"Direct\"\/><input type=\"hidden\" name=\"psfb_page_id\" value=\"106\"\/><input type=\"hidden\" name=\"psfb_form_submit\" value=\"1\"\/><input type=\"hidden\" name=\"psfb_form_id\" value=\"128\"\/><input type=\"hidden\" name=\"psfb_form_cnt\" value=\"1\"\/><div style=\"display:none\"><input type=\"text\" name=\"psfb_hon_as\"\/><\/div><div style=\"display:none\"><input type=\"text\" name=\"psfb_hon_as2\" id=\"psfb_hon_as2_128_1\" value=\"b8f876505e4e57d4490f377adcee4719\"\/><\/div><div style=\"display:none\"><input type=\"text\" name=\"psfb_cnt_check\" value=\"1\"\/><\/div><div class=\"row\"><div class=\"col-md-12\"><div class=\"form-group psfb-single-container\"><label class=\"control-label\" for=\"psfield_128_1\">Name<span class=\"psfb_required_mark\">*<\/span><\/label><input type=\"text\" required=\"required\" data-required=\"required\" name=\"Name\" value=\"\" class=\"form-control  \" id=\"psfield_128_1\" style=\"\"\/><\/div><\/div><\/div><div class=\"row\"><div class=\"col-md-12\"><div class=\"form-group psfb-single-container\"><label class=\"control-label\" for=\"psfield_128_2\">E-Mail<span class=\"psfb_required_mark\">*<\/span><\/label><input type=\"email\" required=\"required\" data-required=\"required\" name=\"E_Mail\" value=\"\" class=\"form-control  \" id=\"psfield_128_2\" style=\"\"\/><\/div><\/div><\/div><div class=\"row\"><div class=\"col-md-12\"><div class=\"form-group psfb-single-container\"><label class=\"control-label\" for=\"psfield_128_3\">Telefon<span class=\"psfb_required_mark\">*<\/span><\/label><input type=\"tel\" required=\"required\" data-required=\"required\" name=\"Telefon\" value=\"\" class=\"form-control  \" id=\"psfield_128_3\" style=\"\"\/><\/div><\/div><\/div><div class=\"row\"><div class=\"col-md-12\"><div class=\"form-group psfb-single-container\"><label class=\"control-label\" for=\"psfield_128_4\">Wohneinheiten<\/label><input type=\"text\" name=\"Wohneinheiten\" placeholder=\"\" value=\"\" class=\"form-control  \" id=\"psfield_128_4\" style=\"\"\/><\/div><\/div><\/div><div class=\"row\"><div class=\"col-md-12\"><div class=\"form-group psfb-single-container\"><label class=\"control-label\" for=\"psfield_128_5\">Betreff<span class=\"psfb_required_mark\">*<\/span><\/label><input type=\"text\" required=\"required\" data-required=\"required\" name=\"Betreff\" value=\"\" class=\"form-control  \" id=\"psfield_128_5\" style=\"\"\/><\/div><\/div><\/div><div class=\"row\"><div class=\"col-md-12\"><div class=\"form-group psfb-single-container\"><label class=\"control-label\" for=\"psfield_128_6\">Ihr Anliegen<\/label><textarea name=\"Ihr_Anliegen\" class=\"form-control  \" id=\"psfield_128_6\" style=\"\"><\/textarea><\/div><\/div><\/div><div class=\"row\"><div class=\"col-md-12\"><div class=\"form-group psfb-single-container\"><label class=\"control-label\" for=\"psfield_128_7\">Zustimmung Datenschutz<span class=\"psfb_required_mark\">*<\/span><\/label><div class=\"checkbox_wrapper\"><label class=\"checkbox-inline checkbox_wrapper\" style=\"\"><input data-required=\"required\" type=\"checkbox\" value=\"Ich stimme zu\" name=\"Zustimmung_Datenschutz[]\" id=\"psfield_128_7_1\">Ich stimme zu<\/label><\/div><p class=\"help-block\">Ich habe die Datenschutzerkl\u00e4rung zur Kenntnis genommen. Ich stimme zu, dass meine Angaben und Daten zur Beantwortung meiner Anfrage elektronisch erhoben und gespeichert werden. Hinweis: Sie k\u00f6nnen Ihre Einwilligung jederzeit f\u00fcr die Zukunft per E-Mail an info@buchhalter-tumovec.de widerrufen.\n<\/p><\/div><\/div><\/div><div class=\"row\"><div class=\"col-md-12\"><div class=\"form-group psfb-single-container\"><div style=\"position:relative;z-index:1;\"><button type=\"submit\" class=\"btn btn-primary     \" id=\"psfield_128_8\" style=\"\">Senden<\/button><\/div><\/div><\/div><\/div><div class=\"row\"><div class=\"col-md-12\"><div class=\"form-group psfb-single-container\"><label class=\"control-label\" for=\"psfield_128_9\">Mobiltelefon<\/label><input type=\"tel\" name=\"Mobiltelefon\" value=\"\" class=\"form-control \" id=\"psfield_128_9\" style=\"\"\/><\/div><\/div><\/div><\/div><\/form>\n\n\n\n<p><\/p>\n","protected":false},"excerpt":{"rendered":"<p>Wir \u00fcbernehmen f\u00fcr Sie: -Kaufm\u00e4nnische Verwaltung -Technische Verwaltung -Allgemeine Verwaltung Unter anderem (Mietzahlungsabwicklung, Vermietung der Wohnungen, erstellen der Mietvertr\u00e4ge, erstellen der Betriebskostenabrechnung, durchf\u00fchren des Zahlungsverkehrs, anfallender Schriftverkehr mit Mietern und Dienstleistern) Gern passen wir unser Angebot auf Ihre individuellen W\u00fcnsche und Anspr\u00fcche an. Senden Sie uns dazu gern eine Anfrage. Ihr Kontakt zu uns<\/p>\n","protected":false},"author":2,"featured_media":64,"parent":0,"menu_order":8,"comment_status":"closed","ping_status":"closed","template":"","meta":{"footnotes":""},"class_list":["post-106","page","type-page","status-publish","has-post-thumbnail","hentry"],"_links":{"self":[{"href":"https:\/\/www.buchhalter-tumovec.de\/index.php?rest_route=\/wp\/v2\/pages\/106","targetHints":{"allow":["GET"]}}],"collection":[{"href":"https:\/\/www.buchhalter-tumovec.de\/index.php?rest_route=\/wp\/v2\/pages"}],"about":[{"href":"https:\/\/www.buchhalter-tumovec.de\/index.php?rest_route=\/wp\/v2\/types\/page"}],"author":[{"embeddable":true,"href":"https:\/\/www.buchhalter-tumovec.de\/index.php?rest_route=\/wp\/v2\/users\/2"}],"replies":[{"embeddable":true,"href":"https:\/\/www.buchhalter-tumovec.de\/index.php?rest_route=%2Fwp%2Fv2%2Fcomments&post=106"}],"version-history":[{"count":23,"href":"https:\/\/www.buchhalter-tumovec.de\/index.php?rest_route=\/wp\/v2\/pages\/106\/revisions"}],"predecessor-version":[{"id":195,"href":"https:\/\/www.buchhalter-tumovec.de\/index.php?rest_route=\/wp\/v2\/pages\/106\/revisions\/195"}],"wp:featuredmedia":[{"embeddable":true,"href":"https:\/\/www.buchhalter-tumovec.de\/index.php?rest_route=\/wp\/v2\/media\/64"}],"wp:attachment":[{"href":"https:\/\/www.buchhalter-tumovec.de\/index.php?rest_route=%2Fwp%2Fv2%2Fmedia&parent=106"}],"curies":[{"name":"wp","href":"https:\/\/api.w.org\/{rel}","templated":true}]}}